{"id":528,"date":"2023-02-13T15:06:01","date_gmt":"2023-02-13T15:06:01","guid":{"rendered":"https:\/\/alabau.com\/aviso-legal\/"},"modified":"2023-02-28T17:46:27","modified_gmt":"2023-02-28T17:46:27","slug":"legal-notice","status":"publish","type":"page","link":"https:\/\/alabau.com\/en\/legal-notice\/","title":{"rendered":"Legal Notice"},"content":{"rendered":"\n<p>Con la finalidad de dar cumplimiento a las disposiciones recogidas en el art\u00edculo 10 de la Ley 34\/ 2002, de 11 de julio, de Servicios de la Sociedad de la Informaci\u00f3n y de Comercio Electr\u00f3nico, les facilitamos los siguientes datos de informaci\u00f3n general:&nbsp;<\/p>\n\n\n\n<p><strong>Nombre o denominaci\u00f3n social:<\/strong> ALABAU PLYWOOD, S.L.<\/p>\n\n\n\n<p><strong>Domicilio social:<\/strong> Av. Espioca n\u00ba144-146 CP 46460 Silla, Valencia<\/p>\n\n\n\n<p><strong>Datos registrales:<\/strong> Registro Mercantil de Valencia Tomo 3662, Folio 93, Inscripci\u00f3n 8 con hoja V-13384<\/p>\n\n\n\n<p><strong>N.I.F.:<\/strong><strong> <\/strong>B46248993<\/p>\n\n\n\n<p><strong>Tel\u00e9fono:<\/strong> 961210212<\/p>\n\n\n\n<p><strong>E-mail:<\/strong> &nbsp;<a href=\"mailto:info@alabau.com\">info@alabau.com<\/a>&nbsp;<\/p>\n\n\n\n<p><strong>Legislaci\u00f3n Aplicable&nbsp;<\/strong><\/p>\n\n\n\n<p>El presente Aviso Legal se rige en todos y cada uno de sus extremos por la ley espa\u00f1ola, renunciando expresamente las partes al fuero que les corresponda, y someti\u00e9ndose a los Juzgados de Valencia.&nbsp;<\/p>\n\n\n\n<p><strong>Propiedad Intelectual e Industrial&nbsp;<\/strong><\/p>\n\n\n\n<p>Todos los contenidos del presente sitio web, incluyendo sin car\u00e1cter limitativo, textos, gr\u00e1ficos, im\u00e1genes, su dise\u00f1o y los derechos de propiedad intelectual que pudieran corresponder a dichos contenidos, as\u00ed como todas las marcas, nombres comerciales o cualquier otro signo distintivo son propiedad de esta entidad, quedando reservados todos los derechos sobre los mismos.&nbsp;<\/p>\n\n\n\n<p>Queda prohibido cualquier acto de reproducci\u00f3n de los contenidos, en todo o en parte, en cualquier forma o medio, sea mec\u00e1nico, electr\u00f3nico, reprogr\u00e1fico u otro, as\u00ed como cualquier acto de difusi\u00f3n, comunicaci\u00f3n p\u00fablica o distribuci\u00f3n, sin la previa autorizaci\u00f3n por escrito de esta entidad.<\/p>\n\n\n\n<p>Esta entidad no ser\u00e1 responsable de los da\u00f1os o perjuicios que pudieran derivarse de la utilizaci\u00f3n de los contenidos por parte de los usuarios o de la infracci\u00f3n por parte de \u00e9stos de cualquier disposici\u00f3n legal vigente.<\/p>\n\n\n\n<p><strong>Enlaces<\/strong><\/p>\n\n\n\n<p>Esta entidad no asume ninguna responsabilidad sobre los enlaces externos que, en su caso, pudieran incluirse en el portal, ya que no tiene ning\u00fan tipo de control sobre los mismos, por lo que el usuario accede bajo su exclusiva responsabilidad al contenido y en las condiciones de uso que rijan en los mismos.&nbsp;<\/p>\n\n\n","protected":false},"excerpt":{"rendered":"<p>Con la finalidad de dar cumplimiento a las disposiciones recogidas en el art\u00edculo 10 de la Ley 34\/ 2002, de 11 de julio, de Servicios de la Sociedad de la Informaci\u00f3n y de Comercio Electr\u00f3nico, les facilitamos los siguientes datos de informaci\u00f3n general:&nbsp; Nombre o denominaci\u00f3n social: ALABAU PLYWOOD, S.L. Domicilio social: Av. Espioca n\u00ba144-146 [&#8230;]\n","protected":false},"author":2,"featured_media":0,"parent":0,"menu_order":0,"comment_status":"closed","ping_status":"closed","template":"page-blank-title-center.php","meta":{"footnotes":""},"class_list":["post-528","page","type-page","status-publish","hentry"],"_links":{"self":[{"href":"https:\/\/alabau.com\/en\/wp-json\/wp\/v2\/pages\/528","targetHints":{"allow":["GET"]}}],"collection":[{"href":"https:\/\/alabau.com\/en\/wp-json\/wp\/v2\/pages"}],"about":[{"href":"https:\/\/alabau.com\/en\/wp-json\/wp\/v2\/types\/page"}],"author":[{"embeddable":true,"href":"https:\/\/alabau.com\/en\/wp-json\/wp\/v2\/users\/2"}],"replies":[{"embeddable":true,"href":"https:\/\/alabau.com\/en\/wp-json\/wp\/v2\/comments?post=528"}],"version-history":[{"count":1,"href":"https:\/\/alabau.com\/en\/wp-json\/wp\/v2\/pages\/528\/revisions"}],"predecessor-version":[{"id":529,"href":"https:\/\/alabau.com\/en\/wp-json\/wp\/v2\/pages\/528\/revisions\/529"}],"wp:attachment":[{"href":"https:\/\/alabau.com\/en\/wp-json\/wp\/v2\/media?parent=528"}],"curies":[{"name":"wp","href":"https:\/\/api.w.org\/{rel}","templated":true}]}}