{"id":538,"date":"2023-02-13T15:31:31","date_gmt":"2023-02-13T15:31:31","guid":{"rendered":"https:\/\/alabau.com\/politica-de-cookies\/"},"modified":"2023-02-28T17:52:41","modified_gmt":"2023-02-28T17:52:41","slug":"cookies-policy","status":"publish","type":"page","link":"https:\/\/alabau.com\/en\/cookies-policy\/","title":{"rendered":"Cookies Policy"},"content":{"rendered":"\n<p><strong>\u00bfQU\u00c9 SON LAS COOKIES?<\/strong><\/p>\n\n\n\n<p>Una cookie es un peque\u00f1o archivo que se descarga en su ordenador al acceder a determinados sitios web. Las cookies permiten a un sitio web, entre otras cosas, almacenar y recuperar informaci\u00f3n sobre sus h\u00e1bitos de navegaci\u00f3n o de su equipo y, dependiendo de la informaci\u00f3n que contengan y de la forma en que utilice su equipo, pueden emplearse para identificarle.<\/p>\n\n\n\n<p><strong>TIPOS DE COOKIES SEG\u00daN LA ENTIDAD QUE LAS GESTIONE<\/strong><\/p>\n\n\n\n<ul class=\"wp-block-list\">\n<li><strong>Cookies propias:<\/strong> Son aquellas que se env\u00edan al equipo terminal del usuario desde un equipo o dominio gestionado por el propio editor y desde el que se presta el servicio solicitado por el usuario.<\/li>\n<\/ul>\n\n\n\n<ul class=\"wp-block-list\">\n<li><strong>Cookies de terceros:<\/strong> Son aquellas que se env\u00edan al equipo terminal del usuario desde un equipo o dominio que no es gestionado por el editor, sino por otra entidad que trata los datos obtenidos trav\u00e9s de las cookies.<\/li>\n<\/ul>\n\n\n\n<p><strong>TIPOS DE COOKIES SEG\u00daN SU FINALIDAD<\/strong><\/p>\n\n\n\n<p>Tal como recoge la \u201cGu\u00eda sobre el uso de las cookies\u201d de la AEPD, seg\u00fan la finalidad para la que se traten los datos obtenidos a trav\u00e9s de las cookies, podemos distinguir entre:<\/p>\n\n\n\n<ul class=\"wp-block-list\">\n<li><strong>Cookies t\u00e9cnicas:&nbsp;<\/strong>Son aquellas que permiten al usuario la navegaci\u00f3n a trav\u00e9s de un sitio web, plataforma o aplicaci\u00f3n y la utilizaci\u00f3n de las diferentes opciones o servicios que en ella existan como, por ejemplo, controlar el tr\u00e1fico y la comunicaci\u00f3n de datos, identificar la sesi\u00f3n, acceder a partes de acceso restringido, recordar los elementos que integran un pedido, realizar el proceso de compra de un pedido, realizar la solicitud de inscripci\u00f3n o participaci\u00f3n en un evento, utilizar elementos de seguridad durante la navegaci\u00f3n, almacenar contenidos para la difusi\u00f3n de videos o sonido o compartir contenidos a trav\u00e9s de redes sociales.<\/li>\n<\/ul>\n\n\n\n<ul class=\"wp-block-list\">\n<li><strong>Cookies de preferencias o personalizaci\u00f3n:&nbsp;<\/strong>Son aquellas que permiten al usuario acceder al servicio con algunas caracter\u00edsticas de car\u00e1cter general predefinidas en funci\u00f3n de una serie de criterios en el terminal del usuario como por ejemplo serian el idioma, el tipo de navegador a trav\u00e9s del cual accede al servicio, la configuraci\u00f3n regional desde donde accede al servicio, etc.<\/li>\n<\/ul>\n\n\n\n<ul class=\"wp-block-list\">\n<li><strong>Cookies de an\u00e1lisis o medici\u00f3n:&nbsp;<\/strong>Son aquellas que permiten al responsable de las mismas, el seguimiento y an\u00e1lisis del comportamiento de los usuarios de los sitios web a los que est\u00e1n vinculadas. La informaci\u00f3n recogida mediante este tipo de cookies se utiliza en la medici\u00f3n de la actividad de los sitios web, aplicaci\u00f3n o plataforma y para la elaboraci\u00f3n de perfiles de navegaci\u00f3n de los usuarios de dichos sitios, aplicaciones y plataformas, con el fin de introducir mejoras en funci\u00f3n del an\u00e1lisis de los datos de uso que hacen los usuarios del servicio.<\/li>\n<\/ul>\n\n\n\n<ul class=\"wp-block-list\">\n<li><strong>Cookies de publicidad comportamental:&nbsp;<\/strong>Son aquellas que almacenan informaci\u00f3n del comportamiento de los usuarios obtenida a trav\u00e9s de la observaci\u00f3n continuada de sus h\u00e1bitos de navegaci\u00f3n, lo que permite desarrollar un perfil espec\u00edfico para mostrar publicidad en funci\u00f3n del mismo.<\/li>\n<\/ul>\n\n\n\n<p><strong>TIPOS DE COOKIES SEG\u00daN EL PLAZO DE TIEMPO QUE PERMANECEN ACTIVADAS<\/strong><\/p>\n\n\n\n<ul class=\"wp-block-list\">\n<li><strong>Cookies de sesi\u00f3n:<\/strong> Son aquellas dise\u00f1adas para recabar y almacenar datos mientras el usuario accede a un sitio web. Se suelen emplear para almacenar informaci\u00f3n que solo interesa conservar para la prestaci\u00f3n del servicio solicitado por el usuario en una sola ocasi\u00f3n (por ejemplo, una lista de productos adquiridos) y desaparecen al terminar la sesi\u00f3n.<\/li>\n<\/ul>\n\n\n\n<ul class=\"wp-block-list\">\n<li><strong>Cookies persistentes: <\/strong>Son aquellas en las que los datos siguen almacenados en el terminal y pueden ser accedidos y tratados durante un periodo definido por el responsable de la cookie, y que puede ir de unos minutos a varios a\u00f1os.<\/li>\n<\/ul>\n\n\n\n<p><strong>\u00bfPARA QU\u00c9 UTILIZA LAS COOKIES ESTE SITIO WEB?<\/strong><\/p>\n\n\n\n<p>Este sitio web utiliza las cookies para una serie de finalidades, incluidas:<\/p>\n\n\n\n<ul class=\"wp-block-list\">\n<li><strong>Cookies t\u00e9cnicas:&nbsp;<\/strong>Son aquellas que permiten al usuario la navegaci\u00f3n a trav\u00e9s de un sitio web, plataforma o aplicaci\u00f3n y la utilizaci\u00f3n de las diferentes opciones o servicios que en ella existan como, por ejemplo, controlar el tr\u00e1fico y la comunicaci\u00f3n de datos, identificar la sesi\u00f3n, acceder a partes de acceso restringido, recordar los elementos que integran un pedido, realizar el proceso de compra de un pedido, realizar la solicitud de inscripci\u00f3n o participaci\u00f3n en un evento, utilizar elementos de seguridad durante la navegaci\u00f3n, almacenar contenidos para la difusi\u00f3n de videos o sonido o compartir contenidos a trav\u00e9s de redes sociales.<\/li>\n<\/ul>\n\n\n\n<ul class=\"wp-block-list\">\n<li><strong>Cookies de preferencias o personalizaci\u00f3n:&nbsp;<\/strong>Son aquellas que permiten al usuario acceder al servicio con algunas caracter\u00edsticas de car\u00e1cter general predefinidas en funci\u00f3n de una serie de criterios en el terminal del usuario como por ejemplo serian el idioma, el tipo de navegador a trav\u00e9s del cual accede al servicio, la configuraci\u00f3n regional desde donde accede al servicio, etc.<\/li>\n<\/ul>\n\n\n\n<ul class=\"wp-block-list\">\n<li><strong>Cookies de an\u00e1lisis o medici\u00f3n:&nbsp;<\/strong>Son aquellas que permiten al responsable de las mismas, el seguimiento y an\u00e1lisis del comportamiento de los usuarios de los sitios web a los que est\u00e1n vinculadas. La informaci\u00f3n recogida mediante este tipo de cookies se utiliza en la medici\u00f3n de la actividad de los sitios web, aplicaci\u00f3n o plataforma y para la elaboraci\u00f3n de perfiles de navegaci\u00f3n de los usuarios de dichos sitios, aplicaciones y plataformas, con el fin de introducir mejoras en funci\u00f3n del an\u00e1lisis de los datos de uso que hacen los usuarios del servicio.<\/li>\n<\/ul>\n\n\n\n<ul class=\"wp-block-list\">\n<li><strong>Cookies de publicidad comportamental:&nbsp;<\/strong>Son aquellas que almacenan informaci\u00f3n del comportamiento de los usuarios obtenida a trav\u00e9s de la observaci\u00f3n continuada de sus h\u00e1bitos de navegaci\u00f3n, lo que permite desarrollar un perfil espec\u00edfico para mostrar publicidad en funci\u00f3n del mismo.<\/li>\n<\/ul>\n\n\n\n<p><strong>\u00bfQUI\u00c9N UTILIZA LAS COOKIES EN ESTE SITIO WEB?<\/strong><\/p>\n\n\n\n<p>La identificaci\u00f3n de qui\u00e9n utiliza las cookies, el tipo de cookies utilizadas y dem\u00e1s detalles, se indica a continuaci\u00f3n:<\/p>\n\n\n\n<figure class=\"wp-block-table\"><table><tbody><tr><td><strong>Entidad<\/strong><\/td><td><strong>Tipo<\/strong><\/td><td><strong>Prop\u00f3sito<\/strong><\/td><td><strong>M\u00e1s informaci\u00f3n<\/strong><\/td><\/tr><tr><td>Google Fonts<\/td><td>De terceros<\/td><td>Usamos Google Fonts para mostrar fuentes web.<\/td><td>Para m\u00e1s informaci\u00f3n, por favor, lee la&nbsp;<a rel=\"noreferrer noopener\" href=\"https:\/\/policies.google.com\/privacy\" target=\"_blank\">pol\u00edtica de privacidad de Google Fonts<\/a><\/td><\/tr><tr><td>Complianz<\/td><td>De terceros<\/td><td><strong>cmplz_banner-status, cmplz_functional, cmplz_statistics, cmplz_preferences, cmplz_policy_id, cmplz_consented_services, cmplz_marketing<\/strong><br>Cookies del banner de cookies Complianz que almacenan la selecci\u00f3n del usuario respecto a la configuraci\u00f3n de las cookies de este sitio web.<\/td><td>Estos datos no se comparten con terceros.&nbsp;Para m\u00e1s informaci\u00f3n, por favor, lee la&nbsp;<a rel=\"noreferrer noopener\" href=\"https:\/\/complianz.io\/legal\/privacy-statement\/\" target=\"_blank\">pol\u00edtica de privacidad de Complianz<\/a><\/td><\/tr><tr><td>WordPress<\/td><td>Propia<\/td><td><strong>WordPress_logged_in<\/strong><br>Se utiliza para Almacenar los usuarios logueados.<br>Duraci\u00f3n: sesi\u00f3n.<br>Tipo: t\u00e9cnica, funcional<\/td><td><a href=\"https:\/\/developers.google.com\/analytics\/devguides\/collection\/analyticsjs\/cookie-usage\">Google Analytics<\/a><a href=\"http:\/\/www.google.com\/intl\/es\/privacy.html\">Centro de privacidad de Google<\/a><\/td><\/tr><tr><td>Google Maps<\/td><td>De terceros<\/td><td>Usamos Google Maps para mostrar mapas.<\/td><td>Para m\u00e1s informaci\u00f3n, por favor, lee la&nbsp;<a rel=\"noreferrer noopener\" href=\"https:\/\/policies.google.com\/privacy\" target=\"_blank\">pol\u00edtica de privacidad de Google Maps<\/a><\/td><\/tr><\/tbody><\/table><\/figure>\n\n\n\n<p>Nota: Las cookies de tipo \u201cPropias\u201d son utilizadas s\u00f3lo por el propietario de esta web y las cookies \u201cDe terceros\u201d son utilizadas, tambi\u00e9n, por el prestador del servicio que est\u00e1 detallado en la tabla anterior.<\/p>\n\n\n\n<p>Puede informarse de las transferencias a terceros pa\u00edses que, en su caso, realizan los terceros identificados en esta pol\u00edtica de cookies en sus correspondientes pol\u00edticas (ver los enlaces facilitados en el apartado \u201cM\u00e1s informaci\u00f3n\u201d de la tabla anterior).<\/p>\n\n\n\n<p><strong>\u00bfC\u00d3MO PUEDE DESACTIVAR O ELIMINAR ESTAS COOKIES?<\/strong><\/p>\n\n\n\n<p>Usted puede desactivar en cualquier momento desde su navegador la utilizaci\u00f3n de cookies (propias y terceros) o restringir las cookies de terceros.<\/p>\n\n\n\n<p>Tambi\u00e9n puede eliminarlas cuando desee a trav\u00e9s de la configuraci\u00f3n de su navegador.<br><br>A continuaci\u00f3n le proporcionamos los enlaces en los que puede consultar todo aquello referente a la administraci\u00f3n de cookies, incluida su eliminaci\u00f3n o no aceptaci\u00f3n total o parcial, en algunos de los navegadores m\u00e1s comunes:<\/p>\n\n\n\n<p><strong>Firefox<\/strong>: <a href=\"http:\/\/support.mozilla.org\/es\/kb\/habilitar-y-deshabilitar-cookies-que-los-sitios-we\">http:\/\/support.mozilla.org\/es\/kb\/habilitar-y-deshabilitar-cookies-que-los-sitios-we<\/a>&nbsp;<\/p>\n\n\n\n<p><strong>Chrome<\/strong>: <a href=\"http:\/\/support.google.com\/chrome\/bin\/answer.py?hl=es&amp;answer=95647\">http:\/\/support.google.com\/chrome\/bin\/answer.py?hl=es&amp;answer=95647<\/a>&nbsp;<\/p>\n\n\n\n<p><strong>Internet Explorer<\/strong>: <a href=\"https:\/\/support.microsoft.com\/es-es\/help\/278835\/how-to-delete-cookie-files-in-internet-explorer\">https:\/\/support.microsoft.com\/es-es\/help\/278835\/how-to-delete-cookie-files-in-internet-explorer<\/a>&nbsp;<\/p>\n\n\n\n<p><strong>Microsoft Edge:<\/strong> <a href=\"https:\/\/support.microsoft.com\/es-es\/help\/4027947\/microsoft-edge-delete-cookies\">https:\/\/support.microsoft.com\/es-es\/help\/4027947\/microsoft-edge-delete-cookies<\/a>&nbsp;<\/p>\n\n\n\n<p><strong>Safari<\/strong>: <a href=\"http:\/\/support.apple.com\/kb\/ph5042\">http:\/\/support.apple.com\/kb\/ph5042<\/a><\/p>\n\n\n\n<p><strong>Opera<\/strong>: <a href=\"http:\/\/help.opera.com\/Windows\/11.50\/es-ES\/cookies.html\">http:\/\/help.opera.com\/Windows\/11.50\/es-ES\/cookies.html<\/a><\/p>\n\n\n\n<p><strong>Otros navegadores<\/strong>: consulte la documentaci\u00f3n del navegador que tenga instalado.<\/p>\n\n\n\n<p><strong>COMPLEMENTO DE INHABILITACI\u00d3N PARA NAVEGADORES DE GOOGLE ANALYTICS<\/strong><\/p>\n\n\n\n<p>Si desea rechazar las cookies anal\u00edticas de Google Analytics en todos los navegadores, de forma que no se env\u00ede informaci\u00f3n suya a Google Analytics, puede descargar un complemento que realiza esta funci\u00f3n desde este enlace:<\/p>\n\n\n\n<figure class=\"wp-block-embed\"><div class=\"wp-block-embed__wrapper\">\nhttps:\/\/tools.google.com\/dlpage\/gaoptout\n<\/div><\/figure>\n\n\n\n<p><strong>EJERCICIO DE DERECHOS<\/strong><\/p>\n\n\n\n<p>Puede conocer y ejercer sus derechos en materia de protecci\u00f3n de datos accediendo a nuestra <a href=\"https:\/\/alabau.com\/politica-de-privacidad\/\" data-type=\"page\" data-id=\"3\" target=\"_blank\" rel=\"noreferrer noopener\">Pol\u00edtica de Privacidad<\/a><\/p>\n\n\n\n<p><\/p>\n\n\n","protected":false},"excerpt":{"rendered":"<p>\u00bfQU\u00c9 SON LAS COOKIES? Una cookie es un peque\u00f1o archivo que se descarga en su ordenador al acceder a determinados sitios web. Las cookies permiten a un sitio web, entre otras cosas, almacenar y recuperar informaci\u00f3n sobre sus h\u00e1bitos de navegaci\u00f3n o de su equipo y, dependiendo de la informaci\u00f3n que contengan y de la [&#8230;]\n","protected":false},"author":2,"featured_media":0,"parent":0,"menu_order":0,"comment_status":"closed","ping_status":"closed","template":"page-blank-title-center.php","meta":{"footnotes":""},"class_list":["post-538","page","type-page","status-publish","hentry"],"_links":{"self":[{"href":"https:\/\/alabau.com\/en\/wp-json\/wp\/v2\/pages\/538","targetHints":{"allow":["GET"]}}],"collection":[{"href":"https:\/\/alabau.com\/en\/wp-json\/wp\/v2\/pages"}],"about":[{"href":"https:\/\/alabau.com\/en\/wp-json\/wp\/v2\/types\/page"}],"author":[{"embeddable":true,"href":"https:\/\/alabau.com\/en\/wp-json\/wp\/v2\/users\/2"}],"replies":[{"embeddable":true,"href":"https:\/\/alabau.com\/en\/wp-json\/wp\/v2\/comments?post=538"}],"version-history":[{"count":1,"href":"https:\/\/alabau.com\/en\/wp-json\/wp\/v2\/pages\/538\/revisions"}],"predecessor-version":[{"id":539,"href":"https:\/\/alabau.com\/en\/wp-json\/wp\/v2\/pages\/538\/revisions\/539"}],"wp:attachment":[{"href":"https:\/\/alabau.com\/en\/wp-json\/wp\/v2\/media?parent=538"}],"curies":[{"name":"wp","href":"https:\/\/api.w.org\/{rel}","templated":true}]}}