{"id":540,"date":"2022-11-22T10:38:18","date_gmt":"2022-11-22T10:38:18","guid":{"rendered":"https:\/\/alabau.com\/politica-de-privacidad\/"},"modified":"2023-02-28T17:54:13","modified_gmt":"2023-02-28T17:54:13","slug":"privacy-policy","status":"publish","type":"page","link":"https:\/\/alabau.com\/en\/privacy-policy\/","title":{"rendered":"Privacy Policy"},"content":{"rendered":"\n<p><strong>Responsable del tratamiento<\/strong><\/p>\n\n\n\n<p>En cumplimiento con la normativa legal vigente en materia de protecci\u00f3n de datos de car\u00e1cter personal, se informa al usuario que sus datos ser\u00e1n tratados por&nbsp;ALABAU PLYWOOD, S.L., con NIF B46248993, en adelante EL RESPONSABLE.<\/p>\n\n\n\n<p><strong>Legitimaci\u00f3n<\/strong><\/p>\n\n\n\n<p>Le informamos que la base jur\u00eddica para el tratamiento de sus datos es el consentimiento del interesado.&nbsp;<\/p>\n\n\n\n<p><strong>Finalidad del tratamiento<\/strong><\/p>\n\n\n\n<p><strong>Contacto<\/strong><\/p>\n\n\n\n<p>La finalidad del tratamiento es la de atender su solicitud y de posibilitar la gesti\u00f3n de la relaci\u00f3n y contacto con Usted.<\/p>\n\n\n\n<p><strong>Cesi\u00f3n de los datos<\/strong><\/p>\n\n\n\n<p>El usuario acepta y consiente el tratamiento automatizado de los mismos por parte de EL RESPONSABLE quien garantiza que los datos recogidos no ser\u00e1n cedidos a terceras personas ni usados con otro fin comercial que no sea para el que han sido recabados y que siempre que fuera a&nbsp;realizarse alg\u00fan tipo de cesi\u00f3n de datos personales, de forma previa, se solicitar\u00eda el consentimiento&nbsp;expreso, informado, e inequ\u00edvoco por parte de los titulares.&nbsp;<\/p>\n\n\n\n<p><strong>Exactitud y veracidad de los datos<\/strong><\/p>\n\n\n\n<p>El usuario es el \u00fanico responsable de la veracidad y correcci\u00f3n de los datos incluidos e informados, exoner\u00e1ndose a EL RESPONSABLE de cualquier responsabilidad al respecto.&nbsp;<\/p>\n\n\n\n<p><strong>Medidas de seguridad<\/strong><\/p>\n\n\n\n<p>EL RESPONSABLE ha adoptado todas las medidas t\u00e9cnicas y&nbsp;organizativas necesarias para garantizar la seguridad e integridad de los datos de car\u00e1cter personal&nbsp;que trate, as\u00ed como para evitar su p\u00e9rdida, alteraci\u00f3n y\/o acceso por parte de terceros no autorizados.&nbsp;<\/p>\n\n\n\n<p>Este sitio web puede contener enlaces a otros sitios web que podr\u00edan almacenar informaci\u00f3n sobre los usuarios. EL RESPONSABLE no se hace responsable por la gesti\u00f3n de la informaci\u00f3n de usuario ni por las condiciones de protecci\u00f3n de datos y confidencialidad de otros sitios web.<\/p>\n\n\n\n<p><strong>Cambios en la presente Pol\u00edtica de Privacidad<\/strong><\/p>\n\n\n\n<p>EL RESPONSABLE se reserva el derecho a modificar su Pol\u00edtica de Privacidad, de acuerdo con su propio criterio, o motivado por un cambio legislativo, jurisprudencial o doctrinal de la Agencia Espa\u00f1ola de Protecci\u00f3n de Datos. Cualquier modificaci\u00f3n de la Pol\u00edtica de Privacidad ser\u00e1 publicada al menos diez d\u00edas antes de su efectiva aplicaci\u00f3n. El uso de este sitio web despu\u00e9s de dichos cambios implicar\u00e1 la aceptaci\u00f3n de \u00e9stos.<\/p>\n\n\n\n<p><strong>Plazo de supresi\u00f3n de los datos<\/strong><\/p>\n\n\n\n<p>Se conservar\u00e1n durante el tiempo necesario para cumplir con la finalidad para la que se recabaron y para determinar las posibles responsabilidades que se pudieran derivar de dicha finalidad y del tratamiento de los datos.<\/p>\n\n\n\n<p><strong>Derechos del usuario<\/strong><\/p>\n\n\n\n<p>Se le informa que puede ejercer los derechos de acceso, rectificaci\u00f3n, supresi\u00f3n y, en su caso, oposici\u00f3n y portabilidad de los datos, as\u00ed como la limitaci\u00f3n de tratamiento de los mismos, enviando una solicitud acompa\u00f1ada de documento identificativo a la direcci\u00f3n: <a href=\"mailto:info@alabau.com\">info@alabau.com<\/a> Asimismo, se le comunica que, si no obtiene satisfacci\u00f3n en el ejercicio de sus derechos, tiene la posibilidad de ejercer su derecho de presentaci\u00f3n de una reclamaci\u00f3n ante una Autoridad de Control en materia de Protecci\u00f3n de Datos competente, actualmente Agencia Espa\u00f1ola de Protecci\u00f3n de Datos (AEPD).<\/p>\n","protected":false},"excerpt":{"rendered":"<p>Responsable del tratamiento En cumplimiento con la normativa legal vigente en materia de protecci\u00f3n de datos de car\u00e1cter personal, se informa al usuario que sus datos ser\u00e1n tratados por&nbsp;ALABAU PLYWOOD, S.L., con NIF B46248993, en adelante EL RESPONSABLE. Legitimaci\u00f3n Le informamos que la base jur\u00eddica para el tratamiento de sus datos es el consentimiento del [&#8230;]\n","protected":false},"author":1,"featured_media":0,"parent":0,"menu_order":0,"comment_status":"closed","ping_status":"open","template":"page-blank-title-center.php","meta":{"footnotes":""},"class_list":["post-540","page","type-page","status-publish","hentry"],"_links":{"self":[{"href":"https:\/\/alabau.com\/en\/wp-json\/wp\/v2\/pages\/540","targetHints":{"allow":["GET"]}}],"collection":[{"href":"https:\/\/alabau.com\/en\/wp-json\/wp\/v2\/pages"}],"about":[{"href":"https:\/\/alabau.com\/en\/wp-json\/wp\/v2\/types\/page"}],"author":[{"embeddable":true,"href":"https:\/\/alabau.com\/en\/wp-json\/wp\/v2\/users\/1"}],"replies":[{"embeddable":true,"href":"https:\/\/alabau.com\/en\/wp-json\/wp\/v2\/comments?post=540"}],"version-history":[{"count":1,"href":"https:\/\/alabau.com\/en\/wp-json\/wp\/v2\/pages\/540\/revisions"}],"predecessor-version":[{"id":541,"href":"https:\/\/alabau.com\/en\/wp-json\/wp\/v2\/pages\/540\/revisions\/541"}],"wp:attachment":[{"href":"https:\/\/alabau.com\/en\/wp-json\/wp\/v2\/media?parent=540"}],"curies":[{"name":"wp","href":"https:\/\/api.w.org\/{rel}","templated":true}]}}